{"id":600,"date":"2025-11-27T16:15:11","date_gmt":"2025-11-27T15:15:11","guid":{"rendered":"https:\/\/fundacjaanimalsi.pl\/?page_id=600"},"modified":"2025-11-28T15:15:29","modified_gmt":"2025-11-28T14:15:29","slug":"regulamin","status":"publish","type":"page","link":"https:\/\/fundacjaanimalsi.pl\/?page_id=600","title":{"rendered":"Regulamin zakup\u00f3w:"},"content":{"rendered":"\n<h2 class=\"wp-block-heading\">Sklep internetowy Fundacja Animalsi:<\/h2>\n\n\n\n<p>Fundacja \u201eAnimalsi\u201d&nbsp; z siedzib\u0105 w Gda\u0144sku ul. Wolno\u015bci 48\/1, wpisana do rejestru Krajowego Rejestru S\u0105dowego prowadzonego przez S\u0105d Rejonowy Gda\u0144sk-P\u00f3\u0142noc w Gda\u0144sku, VIII Wydzia\u0142 Gospodarczy Krajowego Rejestru S\u0105dowego pod numerem&nbsp;KRS: 0000565003.<\/p>\n\n\n\n<h2 class=\"wp-block-heading\">Adres do zwrot\u00f3w:<\/h2>\n\n\n\n<p>Fundacja &#8222;Animalsi&#8221;<br>Wolno\u015bci 48\/1<br>80-538 Gda\u0144sk<br>woj. pomorskie<br>NIP: 5862298247<br>REGON: 361878540<\/p>\n\n\n\n<p><strong>\u00a7 1.<\/strong><\/p>\n\n\n\n<p><strong>&nbsp;Postanowienia og\u00f3lne<\/strong><\/p>\n\n\n\n<ol class=\"wp-block-list\">\n<li>Niniejszy Regulamin okre\u015bla zasady korzystania ze Sklepu Internetowego funkcjonuj\u0105cego pod adresem http:\/\/sklep.fundacjaanimalsi.pl (dalej: \u201eSprzedawca\u201d), sk\u0142adania zam\u00f3wie\u0144 na Towary dost\u0119pne w Sklepie Internetowym, dostarczania zam\u00f3wionych Towar\u00f3w Kupuj\u0105cemu, uiszczania przez Kupuj\u0105cego ceny zakupu Towar\u00f3w, uprawnienia Kupuj\u0105cego &nbsp;do&nbsp; odst\u0105pienia od umowy oraz zasady sk\u0142adania i rozpatrywania reklamacji.<\/li>\n\n\n\n<li>Sprzedawca prowadzi sprzeda\u017c detaliczn\u0105 w oparciu o postanowienia niniejszego Regulaminu.<\/li>\n\n\n\n<li>Regulamin stanowi integraln\u0105 cz\u0119\u015b\u0107 umowy sprzeda\u017cy zawieranej pomi\u0119dzy Kupuj\u0105cym i Sprzedawc\u0105.<\/li>\n\n\n\n<li>Przegl\u0105danie tre\u015bci i asortymentu Sklepu Internetowego nie wymaga Rejestracji.<\/li>\n\n\n\n<li>Samodzielne sk\u0142adanie zam\u00f3wie\u0144 przez Kupuj\u0105cego na Towary mo\u017cliwe jest po zarejestrowaniu si\u0119 zgodnie z postanowieniami \u00a7 2 Regulaminu, a tak\u017ce bez rejestracji, co jednak mo\u017ce ogranicza\u0107 niekt\u00f3re z funkcji w ramach Sklepu Internetowego.<\/li>\n\n\n\n<li>Kontakt ze Sprzedawc\u0105 mo\u017cliwy jest&nbsp; poprzez formularz kontaktowy dost\u0119pny pod adresem internetowym:&nbsp;<a href=\"https:\/\/sklep.fundacjaanimalsi.pl\/pl\/contact\">http:\/\/sklep.fundacjaanimalsi.pl\/pl\/contact<\/a>, w formie wiadomo\u015bci elektronicznej przesy\u0142anej na adres&nbsp;<a href=\"mailto:biuro@fundacjaanimalsi.pl\">biuro@fundacjaanimalsi.pl<\/a>,&nbsp; b\u0105d\u017a telefonicznie pod numerem telefonu +48&nbsp;502&nbsp;388 014.<br>Koszty korzystania przez Kupuj\u0105cego z ww. \u015brodk\u00f3w bezpo\u015bredniego porozumiewania si\u0119 na odleg\u0142o\u015b\u0107 ponosi Kupuj\u0105cy. Op\u0142aty naliczane s\u0105 wed\u0142ug stawek operatora telekomunikacyjnego, z kt\u00f3rego us\u0142ug Kupuj\u0105cy korzysta.<\/li>\n\n\n\n<li>Sprzedawca dostarcza Towary w ramach Sklepu Internetowego wy\u0142\u0105cznie na terytorium Rzeczpospolitej Polskiej.<\/li>\n\n\n\n<li>Maksymalny czas realizacji zakup\u00f3w to 14 dni roboczych.<\/li>\n<\/ol>\n\n\n\n<p><strong>\u00a7 2.<\/strong><\/p>\n\n\n\n<p><strong>&nbsp;Zam\u00f3wienia i Rejestracja<\/strong><\/p>\n\n\n\n<ol class=\"wp-block-list\">\n<li>W celu dokonania zakupu Towaru Kupuj\u0105cy mo\u017ce za\u0142o\u017cy\u0107 Konto w Sklepie Internetowym zgodnie z postanowieniami &nbsp;niniejszego Regulaminu.<\/li>\n\n\n\n<li>Za\u0142o\u017cenie Konta mo\u017cliwe jest po dokonaniu Rejestracji w Sklepie Internetowym.<\/li>\n\n\n\n<li>Rejestracja w Sklepie Internetowym jest bezp\u0142atna i jest dokonywana poprzez wype\u0142nienie formularza rejestracyjnego.<\/li>\n\n\n\n<li>Samodzielne sk\u0142adanie zam\u00f3wie\u0144 przez Kupuj\u0105cego na Towary znajduj\u0105ce si\u0119 w asortymencie Sklepu Internetowego mo\u017cliwe jest poprzez zarejestrowanie si\u0119 zgodnie z postanowieniami niniejszego Regulaminu albo przez podanie niezb\u0119dnych danych osobowych i adresowych umo\u017cliwiaj\u0105cych realizacj\u0119 zam\u00f3wienia bez Rejestracji.<\/li>\n\n\n\n<li>Aby dokona\u0107 Rejestracji przy wykorzystaniu formularza &nbsp;niezb\u0119dne jest podanie adresu e-mail oraz has\u0142a, imienia i nazwiska oraz adresu (miejscowo\u015b\u0107, kod pocztowy, numer ulicy, ewentualnie numer mieszkania), zaakceptowanie Regulaminu oraz wyra\u017cenie zgody na przetwarzanie danych osobowych w zakresie potrzebnym do realizacji zam\u00f3wie\u0144 Kupuj\u0105cego.<\/li>\n\n\n\n<li>W wyniku Rejestracji zostaje utworzone Konto, za po\u015brednictwem kt\u00f3rego mo\u017cliwe jest dokonywanie zakupu Towar\u00f3w oraz korzystanie z innych funkcji dost\u0119pnych w Sklepie Internetowym, takich jak historia zam\u00f3wie\u0144, zapami\u0119tywanie produkt\u00f3w w przechowalni, brak konieczno\u015bci wprowadzania swoich danych przy kolejnych zakupach oraz mo\u017cliwo\u015b\u0107 otrzymania rabat\u00f3w i kupon\u00f3w promocyjnych.<\/li>\n\n\n\n<li>Po dokonaniu Rejestracji ka\u017cdorazowe logowanie do Sklepu Internetowego odbywa si\u0119 przy wykorzystaniu danych wskazanych przez Klienta przy dokonaniu Rejestracji.<\/li>\n\n\n\n<li>Zam\u00f3wienia mo\u017cna sk\u0142ada\u0107 r\u00f3wnie\u017c poprzez formularz kontaktowy, a tak\u017ce w formie wiadomo\u015bci elektronicznej oraz telefonicznie, zgodnie z \u00a7 1 ust. 7 niniejszego Regulaminu.<\/li>\n\n\n\n<li>Sprzedawca potwierdza przyj\u0119cie zam\u00f3wienia w formie wiadomo\u015bci elektronicznej lub telefonicznie.&nbsp;<\/li>\n\n\n\n<li>Zam\u00f3wienie Towar\u00f3w mo\u017cna sk\u0142ada\u0107 przez ca\u0142\u0105 dob\u0119, przez siedem dni w tygodniu. W momencie sk\u0142adania zam\u00f3wienia Kupuj\u0105cy potwierdza, \u017ce zdaje sobie spraw\u0119 z faktu, i\u017c realizacja zam\u00f3wienia poci\u0105ga za sob\u0105 obowi\u0105zek zap\u0142aty za nabyte Towary, jak r\u00f3wnie\u017c obowi\u0105zek pokrycia koszt\u00f3w dostawy do Kupuj\u0105cego lub obowi\u0105zek pokrycia koszt\u00f3w wybranego przez Kupuj\u0105cego sposobu zap\u0142aty.&nbsp;<\/li>\n\n\n\n<li>W Sklepie Internetowym przy ka\u017cdym Towarze na karcie produktu zamieszczone s\u0105 informacje o danym Towarze obejmuj\u0105ce w szczeg\u00f3lno\u015bci jego cechy, elementy wchodz\u0105ce w sk\u0142ad zestawu, termin i spos\u00f3b dostawy oraz cen\u0119.<\/li>\n\n\n\n<li>Ceny Towar\u00f3w zamieszczone na stronie internetowej Sklepu Internetowego podane s\u0105 w z\u0142otych polskich oraz zawieraj\u0105 podatek&nbsp;VAT. Ceny te nie zawieraj\u0105:<\/li>\n\n\n\n<li>Do zawarcia umowy sprzeda\u017cy dochodzi z chwil\u0105 potwierdzenia przez Sprzedawc\u0119 przyj\u0119cia Zam\u00f3wienia do realizacji.<\/li>\n<\/ol>\n\n\n\n<ol class=\"wp-block-list\">\n<li>Koszt\u00f3w dostawy, kt\u00f3re zale\u017cne s\u0105 od wybranego przez Kupuj\u0105cego&nbsp; sposobu dostarczenia Towaru. Koszty dostawy ka\u017cdorazowo podawane s\u0105 przy wyborze sposobu dostawy, o ile nie zosta\u0142o wskazane inaczej w opisie danego Towaru.<\/li>\n\n\n\n<li>Koszt\u00f3w pobieranych przez operator\u00f3w p\u0142atno\u015bci w wysoko\u015bci nie przewy\u017cszaj\u0105cej koszt\u00f3w poniesionych przez Sprzedawc\u0119 w zwi\u0105zku z wybranym przez Klienta sposobem zap\u0142aty. W przypadku, gdy spos\u00f3b p\u0142atno\u015bci jest zwi\u0105zany z konieczno\u015bci\u0105 poniesienia przez Kupuj\u0105cego &nbsp;dodatkowych koszt\u00f3w, taka informacja zostanie zamieszczona na stronie internetowej Sklepu Internetowego bezpo\u015brednio przy polu wyboru&nbsp; p\u0142atno\u015bci danego rodzaju.<\/li>\n<\/ol>\n\n\n\n<p><strong>\u00a7 3.<\/strong><\/p>\n\n\n\n<p><strong>&nbsp;P\u0142atno\u015bci i wysy\u0142ka Towar\u00f3w<\/strong><\/p>\n\n\n\n<ol class=\"wp-block-list\">\n<li>Podczas sk\u0142adania Zam\u00f3wienia Kupuj\u0105cy ma mo\u017cliwo\u015b\u0107 wyboru nast\u0119puj\u0105cych rodzaj\u00f3w p\u0142atno\u015bci:<\/li>\n\n\n\n<li>Przelew&nbsp;&#8211; wp\u0142aty nale\u017cy dokona\u0107 na wskazany numer rachunku bankowego, kt\u00f3ry zostanie przekazany w wiadomo\u015bci elektronicznej potwierdzaj\u0105cej przyj\u0119cie zam\u00f3wienia. Przelew mo\u017cna zrealizowa\u0107 przez Internet, na poczcie lub w banku;<\/li>\n\n\n\n<li>Pobranie&nbsp;&#8211; got\u00f3wk\u0105 przy odbiorze towaru (kurierowi, listonoszowi lub w oddziale Poczty Polskiej &#8211; w zale\u017cno\u015bci od &nbsp;wybranej metody dostawy);<\/li>\n\n\n\n<li>P\u0142atno\u015b\u0107 elektroniczna&nbsp;za po\u015brednictwem systemu p\u0142atno\u015bci eCard z wykorzystaniem bezpiecznych transakcji: karta p\u0142atnicza &#8211; Visa, Visa Electron, MasterCard, MasterCard Electronic, Maestro; ePrzelewy &#8211; &nbsp;lista obs\u0142ugiwanych obecnie bank\u00f3w jest dost\u0119pna po wyborze tej formy p\u0142atno\u015bci na etapie zam\u00f3wienia; i<strong>nne<\/strong>&nbsp;&#8211; P\u0142ac\u0119 got\u00f3wk\u0105 z Unikas\u0105, Wydrukuj i Zap\u0142a\u0107.<\/li>\n\n\n\n<li>Warunkiem wydania towaru jest zap\u0142ata za towar i przesy\u0142k\u0119.<\/li>\n\n\n\n<li>Zam\u00f3wiony Towar Sprzedawca wysy\u0142a za po\u015brednictwem przedsi\u0119biorc\u00f3w \u015bwiadcz\u0105cych us\u0142ugi wysy\u0142kowe (np. Poczty Polskiej lub Kuriera) lub udost\u0119pnia do odbioru przez Kupuj\u0105cego w siedzibie Sprzedawcy.<\/li>\n\n\n\n<li>W przypadku wyboru p\u0142atno\u015bci za pomoc\u0105 karty p\u0142atniczej, termin realizacji Zam\u00f3wienia liczony jest od chwili pozytywnej autoryzacji transakcji.<\/li>\n\n\n\n<li>W przypadku &nbsp;wyboru p\u0142atno\u015bci w inny spos\u00f3b ni\u017c za pobraniem, termin wysy\u0142ki wyd\u0142u\u017ca si\u0119 o okres pomi\u0119dzy z\u0142o\u017ceniem Zam\u00f3wienia a dat\u0105 zaksi\u0119gowania nale\u017cno\u015bci na rachunku bankowym Sprzedawcy.<\/li>\n<\/ol>\n\n\n\n<p><strong>\u00a7 4.<\/strong><\/p>\n\n\n\n<p><strong>Reklamacje<\/strong><\/p>\n\n\n\n<ol class=\"wp-block-list\">\n<li>Sprzedawca&nbsp; jest odpowiedzialny wobec Kupuj\u0105cego, je\u017celi sprzedany Towar ma wad\u0119 fizyczn\u0105 lub prawn\u0105 (r\u0119kojmia). Sprzedawca odpowiada z tytu\u0142u r\u0119kojmi, je\u017celi wada fizyczna zostanie stwierdzona przed up\u0142ywem 2 lat od dnia wydania Towaru Kupuj\u0105cemu.<\/li>\n\n\n\n<li>Je\u017celi Towar ma wad\u0119, Kupuj\u0105cy mo\u017ce \u017c\u0105da\u0107 wymiany rzeczy na woln\u0105 od wad albo usuni\u0119cia wady.<\/li>\n\n\n\n<li>Sprzedawca jest obowi\u0105zany wymieni\u0107 Towar wadliwy na wolny od wad lub usun\u0105\u0107 wad\u0119 w rozs\u0105dnym czasie bez nadmiernych niedogodno\u015bci dla Kupuj\u0105cego.<\/li>\n\n\n\n<li>Sprzedawca ustosunkuje si\u0119 do reklamacji Kupuj\u0105cego i powiadomi go o sposobie dalszego post\u0119powania w terminie 30 dni od dnia otrzymania reklamacji.<\/li>\n\n\n\n<li>Je\u017celi Sprzedawca nie udzieli\u0142 odpowiedzi na reklamacj\u0119 w terminie, o kt\u00f3rym mowa w ust. 4, uwa\u017ca si\u0119, \u017ce uzna\u0142 reklamacj\u0119 za uzasadnion\u0105.<\/li>\n\n\n\n<li>Sprzedawca powiadomi Kupuj\u0105cego o rozstrzygni\u0119ciu reklamacji za po\u015brednictwem poczty elektronicznej albo listownie, w zale\u017cno\u015bci od tego jakie dane kontaktowe zostan\u0105 przez Kupuj\u0105cego wskazane przy sk\u0142adaniu reklamacji.<\/li>\n\n\n\n<li>Je\u017celi realizacja uzasadnionej reklamacji wi\u0105\u017ce si\u0119 z wys\u0142aniem Kupuj\u0105cemu nowego towaru, b\u0105d\u017a usuni\u0119cia niezgodno\u015bci, koszty dostawy ponosi Sprzedawca.<\/li>\n\n\n\n<li>Sprzedawca zastrzega, \u017ce r\u00f3\u017cnice dotycz\u0105ce zdj\u0119\u0107 Towar\u00f3w, a wynikaj\u0105ce z indywidualnych ustawie\u0144 komputera danego klienta (kolor, proporcje itd.) nie mog\u0105 stanowi\u0107 podstawy do reklamacji&nbsp; zakupionego Towaru.<\/li>\n<\/ol>\n\n\n\n<p><strong>\u00a7 4.<\/strong><\/p>\n\n\n\n<p><strong>Odst\u0105pienie od umowy<\/strong><\/p>\n\n\n\n<ol class=\"wp-block-list\">\n<li>Kupuj\u0105cy ma prawo odst\u0105pienia od umowy zakupu danego Towaru bez podania przyczyny i bez ponoszenia koszt\u00f3w, z zastrze\u017ceniem nast\u0119puj\u0105cych sytuacji:<\/li>\n\n\n\n<li>Je\u017celi Kupuj\u0105cy wybra\u0142 spos\u00f3b dostarczenia Towaru inny ni\u017c najta\u0144szy zwyk\u0142y spos\u00f3b dostarczenia oferowany przez Sprzedawc\u0119, Sprzedawca nie jest zobowi\u0105zany do zwrotu Kupuj\u0105cemu poniesionych przez niego dodatkowych koszt\u00f3w;<\/li>\n\n\n\n<li>Kupuj\u0105cy ponosi tylko bezpo\u015brednie koszty zwrotu Towaru, chyba \u017ce Sprzedawca zgodzi\u0142 si\u0119 je ponie\u015b\u0107 lub nie poinformowa\u0142 Kupuj\u0105cego o konieczno\u015bci poniesienia tych koszt\u00f3w;<\/li>\n\n\n\n<li>Kupuj\u0105cy mo\u017ce odst\u0105pi\u0107 od umowy, sk\u0142adaj\u0105c Sprzedawcy o\u015bwiadczenie o odst\u0105pieniu od umowy. Do zachowania terminu wystarczy wys\u0142anie o\u015bwiadczenia przed jego up\u0142ywem.<\/li>\n\n\n\n<li>W przypadku odst\u0105pienia od umowy uwa\u017ca si\u0119 j\u0105 za niezawart\u0105.<\/li>\n\n\n\n<li>Kupuj\u0105cy jest zobowi\u0105zany do zwrotu Towaru&nbsp; Sprzedawcy, jednak nie p\u00f3\u017aniej ni\u017c w terminie 14 dni od dnia, w kt\u00f3rym odst\u0105pi\u0142 od umowy. Do zachowania terminu wystarczy odes\u0142anie Towaru przed jego up\u0142ywem.<\/li>\n\n\n\n<li>Sprzedawca ma obowi\u0105zek niezw\u0142ocznie, nie p\u00f3\u017aniej ni\u017c w terminie 14 dni od dnia otrzymania o\u015bwiadczenia Kupuj\u0105cego o odst\u0105pieniu od umowy, zwr\u00f3ci\u0107 Kupuj\u0105cemu wszelkie dokonane przez niego p\u0142atno\u015bci, w tym koszty dostarczenia Towaru.<\/li>\n\n\n\n<li>Sprzedawca dokonuje zwrotu p\u0142atno\u015bci przy u\u017cyciu takiego samego sposobu zap\u0142aty, jakiego u\u017cy\u0142 Kupuj\u0105cy przy sk\u0142adaniu Zam\u00f3wienia, chyba \u017ce Kupuj\u0105cy wyra\u017anie zgodzi\u0142 si\u0119 na inny spos\u00f3b zwrotu, kt\u00f3ry nie wi\u0105\u017ce si\u0119 dla niego z \u017cadnymi dodatkowymi kosztami.<\/li>\n<\/ol>\n\n\n\n<p><strong>\u00a7 5.<\/strong><\/p>\n\n\n\n<p><strong>Dane osobowe i ich ochrona<\/strong><\/p>\n\n\n\n<ol class=\"wp-block-list\">\n<li>Podanie danych osobowych przez Kupuj\u0105cego oraz wyra\u017cenie zgody na ich przetwarzanie jest dobrowolne, z tym jednak zastrze\u017ceniem, i\u017c brak zgody na przetwarzanie przez Sprzedawc\u0119 danych osobowych uniemo\u017cliwia z\u0142o\u017cenie oraz realizacj\u0119 Zam\u00f3wienia z\u0142o\u017conego przez Kupuj\u0105cego.<\/li>\n\n\n\n<li>&nbsp;Dane osobowe przetwarzane s\u0105 przez Sprzedawc\u0119.<\/li>\n\n\n\n<li>&nbsp;Dane osobowe s\u0105 chronione zgodnie z przepisami ustawy z dnia 29 sierpnia 1997 roku o ochronie danych osobowych, w spos\u00f3b uniemo\u017cliwiaj\u0105cy dost\u0119p do nich os\u00f3b trzecich.<\/li>\n\n\n\n<li>Dane osobowe znajduj\u0105ce si\u0119 w bazie danych Sklepu Internetowego nie s\u0105 przekazywane podmiotom nieuczestnicz\u0105cym w realizacji Zam\u00f3wie\u0144 wykonywanych w ramach sprzeda\u017cy internetowej Sklepu.<\/li>\n\n\n\n<li>Kupuj\u0105cy ma prawo dost\u0119pu do swoich danych osobowych oraz ich poprawiania, \u017c\u0105dania zaprzestania ich przetwarzania oraz sprzeciwu wobec ich przetwarzania.<\/li>\n\n\n\n<li>Klient mo\u017ce r\u00f3wnie\u017c wyrazi\u0107 odr\u0119bn\u0105 zgod\u0119 na otrzymywanie od Sprzedawcy materia\u0142\u00f3w reklamowo &#8211; promocyjnych, w tym biuletynu handlowego.<\/li>\n<\/ol>\n\n\n\n<p><strong>\u00a7 6.<\/strong><\/p>\n\n\n\n<p><strong>Postanowienia ko\u0144cowe<\/strong><\/p>\n\n\n\n<ol class=\"wp-block-list\">\n<li>Zabrania si\u0119 wykorzystywania jakichkolwiek materia\u0142\u00f3w publikowanych na stronie internetowej Sprzedawcy (w tym zdj\u0119\u0107 i opis\u00f3w towar\u00f3w) bez pisemnej zgody Sprzedawcy.<\/li>\n\n\n\n<li>Niniejszy Regulamin wchodzi w \u017cycie z dniem publikacji na stronie internetowej Sprzedawcy.<\/li>\n\n\n\n<li>Niniejszy Regulamin mo\u017ce by\u0107 zmieniany z wa\u017cnych przyczyn, a informacja o zmianach Regulaminu zostaje przes\u0142ana Kupuj\u0105cemu na adres elektroniczny wskazany w zam\u00f3wieniu najp\u00f3\u017aniej 14 dni przed wej\u015bciem w \u017cycie zmian Regulaminu.<\/li>\n\n\n\n<li>Zam\u00f3wienia przyj\u0119te do realizacji przed dniem zmiany Regulaminu s\u0105 realizowane na podstawie Regulaminu, kt\u00f3ry obowi\u0105zywa\u0142 w dniu sk\u0142adania zam\u00f3wienia przez Kupuj\u0105cego.<\/li>\n\n\n\n<li>W razie braku zaakceptowania nowej tre\u015bci Regulaminu Kupuj\u0105cy obowi\u0105zany jest zawiadomi\u0107 o tym Sprzedawc\u0119 w ci\u0105gu 14 dni od daty poinformowania o zmianie Regulaminu.<\/li>\n\n\n\n<li>W sprawach nieuregulowanych w Regulaminie zastosowanie maj\u0105 przepisy Kodeksu cywilnego oraz przepisy Ustawy z dnia 30 maja 2014 r. o prawach konsumenta.<\/li>\n<\/ol>\n","protected":false},"excerpt":{"rendered":"<p>Sklep internetowy Fundacja Animalsi: Fundacja \u201eAnimalsi\u201d&nbsp; z siedzib\u0105 w Gda\u0144sku ul. Wolno\u015bci 48\/1, wpisana do rejestru Krajowego Rejestru S\u0105dowego prowadzonego przez S\u0105d Rejonowy Gda\u0144sk-P\u00f3\u0142noc w Gda\u0144sku, VIII Wydzia\u0142 Gospodarczy Krajowego Rejestru S\u0105dowego pod numerem&nbsp;KRS: 0000565003. Adres do zwrot\u00f3w: Fundacja &#8222;Animalsi&#8221;Wolno\u015bci 48\/180-538 Gda\u0144skwoj. pomorskieNIP: 5862298247REGON: 361878540 \u00a7 1. &nbsp;Postanowienia og\u00f3lne \u00a7 2. &nbsp;Zam\u00f3wienia i Rejestracja \u00a7 [&hellip;]<\/p>\n","protected":false},"author":1,"featured_media":0,"parent":0,"menu_order":0,"comment_status":"closed","ping_status":"closed","template":"","meta":{"footnotes":""},"class_list":["post-600","page","type-page","status-publish","hentry"],"_links":{"self":[{"href":"https:\/\/fundacjaanimalsi.pl\/index.php?rest_route=\/wp\/v2\/pages\/600","targetHints":{"allow":["GET"]}}],"collection":[{"href":"https:\/\/fundacjaanimalsi.pl\/index.php?rest_route=\/wp\/v2\/pages"}],"about":[{"href":"https:\/\/fundacjaanimalsi.pl\/index.php?rest_route=\/wp\/v2\/types\/page"}],"author":[{"embeddable":true,"href":"https:\/\/fundacjaanimalsi.pl\/index.php?rest_route=\/wp\/v2\/users\/1"}],"replies":[{"embeddable":true,"href":"https:\/\/fundacjaanimalsi.pl\/index.php?rest_route=%2Fwp%2Fv2%2Fcomments&post=600"}],"version-history":[{"count":5,"href":"https:\/\/fundacjaanimalsi.pl\/index.php?rest_route=\/wp\/v2\/pages\/600\/revisions"}],"predecessor-version":[{"id":699,"href":"https:\/\/fundacjaanimalsi.pl\/index.php?rest_route=\/wp\/v2\/pages\/600\/revisions\/699"}],"wp:attachment":[{"href":"https:\/\/fundacjaanimalsi.pl\/index.php?rest_route=%2Fwp%2Fv2%2Fmedia&parent=600"}],"curies":[{"name":"wp","href":"https:\/\/api.w.org\/{rel}","templated":true}]}}