{"id":603,"date":"2025-11-27T16:16:54","date_gmt":"2025-11-27T15:16:54","guid":{"rendered":"https:\/\/fundacjaanimalsi.pl\/?page_id=603"},"modified":"2025-11-27T16:16:54","modified_gmt":"2025-11-27T15:16:54","slug":"jak-kupowac","status":"publish","type":"page","link":"https:\/\/fundacjaanimalsi.pl\/?page_id=603","title":{"rendered":"Jak kupowa\u0107?"},"content":{"rendered":"\n<h3 class=\"wp-block-heading\"><strong>Krok 1 &#8211; Wyb\u00f3r produkt\u00f3w<\/strong><\/h3>\n\n\n\n<ul class=\"wp-block-list\">\n<li>przegl\u0105daj list\u0119 kategorii lub skorzystaj z wyszukiwarki, aby znale\u017a\u0107 odpowiedni produkt,<\/li>\n\n\n\n<li>przy ka\u017cdym produkcie znajdziesz szczeg\u00f3\u0142owe informacje na jego temat,<\/li>\n\n\n\n<li>pami\u0119taj, \u017ce zarejestrowani klienci mog\u0105 zapami\u0119ta\u0107 produkty w przechowalni,<\/li>\n\n\n\n<li>po znalezieniu interesuj\u0105cego Ciebie produktu, dodaj go do koszyka,<\/li>\n\n\n\n<li>je\u017celi kompletowanie zam\u00f3wienia jest zako\u0144czone &#8211; przejd\u017a do koszyka.<\/li>\n<\/ul>\n\n\n\n<h3 class=\"wp-block-heading\"><strong>Krok 2 &#8211; Zawarto\u015b\u0107 koszyka<\/strong><\/h3>\n\n\n\n<ul class=\"wp-block-list\">\n<li>w koszyku zobaczysz dok\u0142adnie, jakie wybra\u0142e\u015b produkty i w jakiej ilo\u015bci,<\/li>\n\n\n\n<li>zmie\u0144 warto\u015b\u0107 w kolumnie ilo\u015b\u0107 i kliknij na &#8222;przelicz&#8221;, aby dopasowa\u0107 zam\u00f3wienie,<\/li>\n\n\n\n<li>klikaj\u0105c na ikon\u0119 minusa usuniesz produkty z koszyka,<\/li>\n\n\n\n<li>wybierz odpowiadaj\u0105c\u0105 Ci form\u0119 dostawy i p\u0142atno\u015bci,<\/li>\n\n\n\n<li>je\u017celi posiadasz kupon rabatowy, wprowad\u017a go poni\u017cej, aby otrzyma\u0107 zni\u017ck\u0119,<\/li>\n\n\n\n<li>potwierd\u017a wybrane opcje klikaj\u0105c na przycisk \u201ezamawiam\u201d.<\/li>\n<\/ul>\n\n\n\n<h3 class=\"wp-block-heading\"><strong>Krok 3 &#8211; Sk\u0142adanie zam\u00f3wienia<\/strong><\/h3>\n\n\n\n<ul class=\"wp-block-list\">\n<li>je\u017celi posiadasz konto w naszym sklepie, podaj dane logowania i\u00a0kliknij na &#8222;zaloguj si\u0119&#8221;,<\/li>\n\n\n\n<li>je\u017celi nie posiadasz konta, wybierz opcj\u0119 &#8222;zarejestruj si\u0119&#8221; lub pomi\u0144 zak\u0142adanie konta klikaj\u0105c na &#8222;z\u0142\u00f3\u017c zam\u00f3wienie&#8221;; pami\u0119taj, \u017ce rejestracja pozwoli Ci\u00a0korzysta\u0107 z wielu przywilej\u00f3w, w tym:\n<ul class=\"wp-block-list\">\n<li>podgl\u0105d statusu realizacji zam\u00f3wie\u0144 oraz historii zakup\u00f3w,<\/li>\n\n\n\n<li>brak konieczno\u015bci ponownego wprowadzania danych\u00a0przy kolejnych zakupach,<\/li>\n\n\n\n<li>mo\u017cliwo\u015b\u0107 otrzymywania indywidualnych rabat\u00f3w i kupon\u00f3w promocyjnych.<\/li>\n<\/ul>\n<\/li>\n<\/ul>\n\n\n\n<ul class=\"wp-block-list\">\n<li>wprowad\u017a Twoje imi\u0119 i nazwisko oraz informacje teleadresowe,<\/li>\n\n\n\n<li>aby zam\u00f3wienie wys\u0142a\u0107 na inny adres, zaznacz &#8222;inny adres wysy\u0142ki&#8221; i podaj odpowiednie dane,<\/li>\n\n\n\n<li>ewentualne dodatkowe informacje o realizacji zam\u00f3wienia umie\u015b\u0107 w polu &#8222;uwagi&#8221;<\/li>\n\n\n\n<li>po klikni\u0119ciu na &#8222;Podsumowanie&#8221; zobaczysz komplet podanych przez Ciebie informacji,<\/li>\n\n\n\n<li>klikni\u0119cie na przycisku &#8222;Z\u0142\u00f3\u017c zam\u00f3wienie&#8221; oznacza potwierdzenie zakupu,<\/li>\n\n\n\n<li>odbierz wiadomo\u015b\u0107 email i kliknij na link potwierdzaj\u0105cy z\u0142o\u017cenie zam\u00f3wienia.<\/li>\n<\/ul>\n\n\n\n<p>Pami\u0119taj, \u017ce zarejestrowani klienci mog\u0105 w swoim koncie \u015bledzi\u0107 status realizacji z\u0142o\u017conych zam\u00f3wie\u0144.<\/p>\n","protected":false},"excerpt":{"rendered":"<p>Krok 1 &#8211; Wyb\u00f3r produkt\u00f3w Krok 2 &#8211; Zawarto\u015b\u0107 koszyka Krok 3 &#8211; Sk\u0142adanie zam\u00f3wienia Pami\u0119taj, \u017ce zarejestrowani klienci mog\u0105 w swoim koncie \u015bledzi\u0107 status realizacji z\u0142o\u017conych zam\u00f3wie\u0144.<\/p>\n","protected":false},"author":1,"featured_media":0,"parent":0,"menu_order":0,"comment_status":"closed","ping_status":"closed","template":"","meta":{"footnotes":""},"class_list":["post-603","page","type-page","status-publish","hentry"],"_links":{"self":[{"href":"https:\/\/fundacjaanimalsi.pl\/index.php?rest_route=\/wp\/v2\/pages\/603","targetHints":{"allow":["GET"]}}],"collection":[{"href":"https:\/\/fundacjaanimalsi.pl\/index.php?rest_route=\/wp\/v2\/pages"}],"about":[{"href":"https:\/\/fundacjaanimalsi.pl\/index.php?rest_route=\/wp\/v2\/types\/page"}],"author":[{"embeddable":true,"href":"https:\/\/fundacjaanimalsi.pl\/index.php?rest_route=\/wp\/v2\/users\/1"}],"replies":[{"embeddable":true,"href":"https:\/\/fundacjaanimalsi.pl\/index.php?rest_route=%2Fwp%2Fv2%2Fcomments&post=603"}],"version-history":[{"count":1,"href":"https:\/\/fundacjaanimalsi.pl\/index.php?rest_route=\/wp\/v2\/pages\/603\/revisions"}],"predecessor-version":[{"id":604,"href":"https:\/\/fundacjaanimalsi.pl\/index.php?rest_route=\/wp\/v2\/pages\/603\/revisions\/604"}],"wp:attachment":[{"href":"https:\/\/fundacjaanimalsi.pl\/index.php?rest_route=%2Fwp%2Fv2%2Fmedia&parent=603"}],"curies":[{"name":"wp","href":"https:\/\/api.w.org\/{rel}","templated":true}]}}