{"id":644,"date":"2025-11-27T17:32:42","date_gmt":"2025-11-27T16:32:42","guid":{"rendered":"https:\/\/fundacjaanimalsi.pl\/?post_type=product&#038;p=644"},"modified":"2025-11-27T17:35:43","modified_gmt":"2025-11-27T16:35:43","slug":"zapowiedz-01-12-2025r-charytatywny-kalendarz-animals-2026","status":"publish","type":"product","link":"https:\/\/fundacjaanimalsi.pl\/?product=zapowiedz-01-12-2025r-charytatywny-kalendarz-animals-2026","title":{"rendered":"ZAPOWIED\u0179 01.12.2025r. Charytatywny Kalendarz Animals 2026"},"content":{"rendered":"<p>Charytatywny Kalendarz Animals\u00f3w. Doch\u00f3d bezpo\u015brednio przeznaczamy na lepsze \u017cycie Zwierz\u0105t przebywaj\u0105cych pod opiek\u0105 Fundacji Animalsi i OTOZ Animals Format kalendarza 297mmx420mm (A3).<\/p>\n","protected":false},"excerpt":{"rendered":"<p>Charytatywny Kalendarz Animals\u00f3w. Doch\u00f3d bezpo\u015brednio przeznaczamy na lepsze \u017cycie Zwierz\u0105t przebywaj\u0105cych pod opiek\u0105 Fundacji Animalsi i OTOZ Animals Format kalendarza 297mmx420mm (A3).<\/p>\n","protected":false},"featured_media":645,"comment_status":"open","ping_status":"closed","template":"","meta":[],"product_brand":[],"product_cat":[18],"product_tag":[],"class_list":{"0":"post-644","1":"product","2":"type-product","3":"status-publish","4":"has-post-thumbnail","6":"product_cat-kalendarze","8":"first","9":"instock","10":"taxable","11":"shipping-taxable","12":"purchasable","13":"product-type-simple"},"_links":{"self":[{"href":"https:\/\/fundacjaanimalsi.pl\/index.php?rest_route=\/wp\/v2\/product\/644","targetHints":{"allow":["GET"]}}],"collection":[{"href":"https:\/\/fundacjaanimalsi.pl\/index.php?rest_route=\/wp\/v2\/product"}],"about":[{"href":"https:\/\/fundacjaanimalsi.pl\/index.php?rest_route=\/wp\/v2\/types\/product"}],"replies":[{"embeddable":true,"href":"https:\/\/fundacjaanimalsi.pl\/index.php?rest_route=%2Fwp%2Fv2%2Fcomments&post=644"}],"wp:featuredmedia":[{"embeddable":true,"href":"https:\/\/fundacjaanimalsi.pl\/index.php?rest_route=\/wp\/v2\/media\/645"}],"wp:attachment":[{"href":"https:\/\/fundacjaanimalsi.pl\/index.php?rest_route=%2Fwp%2Fv2%2Fmedia&parent=644"}],"wp:term":[{"taxonomy":"product_brand","embeddable":true,"href":"https:\/\/fundacjaanimalsi.pl\/index.php?rest_route=%2Fwp%2Fv2%2Fproduct_brand&post=644"},{"taxonomy":"product_cat","embeddable":true,"href":"https:\/\/fundacjaanimalsi.pl\/index.php?rest_route=%2Fwp%2Fv2%2Fproduct_cat&post=644"},{"taxonomy":"product_tag","embeddable":true,"href":"https:\/\/fundacjaanimalsi.pl\/index.php?rest_route=%2Fwp%2Fv2%2Fproduct_tag&post=644"}],"curies":[{"name":"wp","href":"https:\/\/api.w.org\/{rel}","templated":true}]}}